{"id":10,"date":"2024-03-14T08:06:00","date_gmt":"2024-03-14T07:06:00","guid":{"rendered":"https:\/\/www.gauwerdenfels.de\/gs2024\/?page_id=10"},"modified":"2024-03-14T09:25:16","modified_gmt":"2024-03-14T08:25:16","slug":"startseite","status":"publish","type":"page","link":"https:\/\/www.gauwerdenfels.de\/gs2024\/","title":{"rendered":"Startseite"},"content":{"rendered":"<h2 style=\"text-align: center;\">Die Sch\u00fctzengesellschaft \u201eLoisachtaler\u201c Eschenlohe l\u00e4dt anl\u00e4sslich ihres<br \/>\n100-j\u00e4hrigen Jubil\u00e4ums zum Werdenfelser Gauschie\u00dfen 2024 ein.<\/h2>\n<p><img loading=\"lazy\" decoding=\"async\" class=\"aligncenter wp-image-76 size-medium\" src=\"https:\/\/www.gauwerdenfels.de\/gs2024\/wp-content\/uploads\/2024\/03\/logo2-mit-100-Jahre-300x300.png\" alt=\"\" width=\"300\" height=\"300\" srcset=\"https:\/\/www.gauwerdenfels.de\/gs2024\/wp-content\/uploads\/2024\/03\/logo2-mit-100-Jahre-300x300.png 300w, https:\/\/www.gauwerdenfels.de\/gs2024\/wp-content\/uploads\/2024\/03\/logo2-mit-100-Jahre-150x150.png 150w, https:\/\/www.gauwerdenfels.de\/gs2024\/wp-content\/uploads\/2024\/03\/logo2-mit-100-Jahre.png 591w\" sizes=\"auto, (max-width: 300px) 100vw, 300px\" \/><\/p>\n<p><img loading=\"lazy\" decoding=\"async\" class=\"alignright size-full wp-image-90\" style=\"display: inline-block; margin-left: var(--global-md-spacing);\" src=\"https:\/\/www.gauwerdenfels.de\/gs2024\/wp-content\/uploads\/2024\/03\/Mangold.jpg\" alt=\"\" width=\"205\" height=\"303\" srcset=\"https:\/\/www.gauwerdenfels.de\/gs2024\/wp-content\/uploads\/2024\/03\/Mangold.jpg 205w, https:\/\/www.gauwerdenfels.de\/gs2024\/wp-content\/uploads\/2024\/03\/Mangold-203x300.jpg 203w\" sizes=\"auto, (max-width: 205px) 100vw, 205px\" \/><\/p>\n<p><strong>Liebe Sch\u00fctzinnen und Sch\u00fctzen im Sch\u00fctzengau Werdenfels,<\/strong><\/p>\n<p>wir, die Sch\u00fctzengesellschaft Loisachtaler Eschenlohe feiern heuer unser 100-j\u00e4hriges Gr\u00fcndungsjubil\u00e4um.<\/p>\n<p>Eine solch bedeutend hohe Zahl sagt vieles dar\u00fcber aus, was durch jahrzehntelanges Miteinander, Zusammenarbeit und Kameradschaft unserer Mitglieder geleistet wurde.<\/p>\n<p>Um die Feierlichkeit unseres Jubil\u00e4ums allerdings noch sch\u00f6ner zu gestalten, entschied sich unser Vereinsausschuss f\u00fcr die Durchf\u00fchrung des Gauschie\u00dfens \u2013 welches wir letztmals 1984 zum 60-J\u00e4hrigen Jubil\u00e4um durchf\u00fchren durften.<\/p>\n<p>Ein herzliches \u201eVergelt&#8217;s Gott\u201c ist vor allem denen auszusprechen, welche diese gro\u00dfe Schie\u00dfveranstaltung erst m\u00f6glich gemacht und sich f\u00fcr die Planung und ihren reibungslosen Ablauf eingesetzt haben, sowie allen Spendern und G\u00f6nnern, ohne die wir so eine Veranstaltung gar nicht stemmen k\u00f6nnten.<\/p>\n<p>Wir m\u00f6chten alle Sch\u00fctzinnen und Sch\u00fctzen herzlich zu uns nach Eschenlohe einladen und hoffen auf viele Teilnehmer, die unsere Arbeit durch ihre Teilnahme am Gauschie\u00dfen belohnen und neben dem sportlichen Wettkampf auch hoffentlich gesellige Stunden bei uns verbringen und w\u00fcnschen allen Teilnehmern \u201eGut Schu\u00df\u201c.<\/p>\n<p>Mit Werdenfelser Sch\u00fctzengru\u00df<\/p>\n<p><strong><img loading=\"lazy\" decoding=\"async\" class=\"wp-image-93 alignnone\" style=\"margin-right: var(--global-md-spacing);\" src=\"https:\/\/www.gauwerdenfels.de\/gs2024\/wp-content\/uploads\/2024\/03\/Mangold_U.jpg\" alt=\"\" width=\"151\" height=\"101\" srcset=\"https:\/\/www.gauwerdenfels.de\/gs2024\/wp-content\/uploads\/2024\/03\/Mangold_U.jpg 568w, https:\/\/www.gauwerdenfels.de\/gs2024\/wp-content\/uploads\/2024\/03\/Mangold_U-300x201.jpg 300w\" sizes=\"auto, (max-width: 151px) 100vw, 151px\" \/><\/strong><strong>Jakob Mangold<\/strong><br \/>\n1. Sch\u00fctzenmeister<\/p>\n","protected":false},"excerpt":{"rendered":"<p>Die Sch\u00fctzengesellschaft \u201eLoisachtaler\u201c Eschenlohe l\u00e4dt anl\u00e4sslich ihres 100-j\u00e4hrigen Jubil\u00e4ums zum Werdenfelser Gauschie\u00dfen 2024 ein. Liebe Sch\u00fctzinnen und Sch\u00fctzen im Sch\u00fctzengau Werdenfels, wir, die Sch\u00fctzengesellschaft Loisachtaler Eschenlohe feiern heuer unser 100-j\u00e4hriges Gr\u00fcndungsjubil\u00e4um. Eine solch bedeutend hohe Zahl sagt vieles dar\u00fcber aus, was durch jahrzehntelanges Miteinander, Zusammenarbeit und Kameradschaft unserer Mitglieder geleistet wurde. Um die Feierlichkeit unseres&#8230;<\/p>\n","protected":false},"author":1,"featured_media":0,"parent":0,"menu_order":0,"comment_status":"closed","ping_status":"closed","template":"","meta":{"_kad_post_transparent":"default","_kad_post_title":"hide","_kad_post_layout":"default","_kad_post_sidebar_id":"","_kad_post_content_style":"default","_kad_post_vertical_padding":"default","_kad_post_feature":"","_kad_post_feature_position":"","_kad_post_header":false,"_kad_post_footer":false,"footnotes":""},"class_list":["post-10","page","type-page","status-publish","hentry"],"_links":{"self":[{"href":"https:\/\/www.gauwerdenfels.de\/gs2024\/wp-json\/wp\/v2\/pages\/10","targetHints":{"allow":["GET"]}}],"collection":[{"href":"https:\/\/www.gauwerdenfels.de\/gs2024\/wp-json\/wp\/v2\/pages"}],"about":[{"href":"https:\/\/www.gauwerdenfels.de\/gs2024\/wp-json\/wp\/v2\/types\/page"}],"author":[{"embeddable":true,"href":"https:\/\/www.gauwerdenfels.de\/gs2024\/wp-json\/wp\/v2\/users\/1"}],"replies":[{"embeddable":true,"href":"https:\/\/www.gauwerdenfels.de\/gs2024\/wp-json\/wp\/v2\/comments?post=10"}],"version-history":[{"count":12,"href":"https:\/\/www.gauwerdenfels.de\/gs2024\/wp-json\/wp\/v2\/pages\/10\/revisions"}],"predecessor-version":[{"id":118,"href":"https:\/\/www.gauwerdenfels.de\/gs2024\/wp-json\/wp\/v2\/pages\/10\/revisions\/118"}],"wp:attachment":[{"href":"https:\/\/www.gauwerdenfels.de\/gs2024\/wp-json\/wp\/v2\/media?parent=10"}],"curies":[{"name":"wp","href":"https:\/\/api.w.org\/{rel}","templated":true}]}}